{"id":354,"date":"2026-01-28T11:40:21","date_gmt":"2026-01-28T11:40:21","guid":{"rendered":"https:\/\/ladespeinada.eu\/?page_id=354"},"modified":"2026-01-28T11:42:25","modified_gmt":"2026-01-28T11:42:25","slug":"accesibilidad","status":"publish","type":"page","link":"https:\/\/ladespeinada.eu\/ca\/accesibilidad\/","title":{"rendered":"accesibilidad"},"content":{"rendered":"<p>[et_pb_section fb_built=\u00bb1&#8243; admin_label=\u00bbAbout\u00bb _builder_version=\u00bb4.27.4&#8243; _module_preset=\u00bbdefault\u00bb background_color=\u00bb#F4F4F4&#8243; collapsed=\u00bbon\u00bb global_colors_info=\u00bb{}\u00bb][et_pb_row _builder_version=\u00bb4.27.4&#8243; _module_preset=\u00bbdefault\u00bb width=\u00bb90%\u00bb max_width=\u00bb1000px\u00bb global_colors_info=\u00bb{}\u00bb][et_pb_column type=\u00bb4_4&#8243; _builder_version=\u00bb4.27.4&#8243; _module_preset=\u00bbdefault\u00bb global_colors_info=\u00bb{}\u00bb][et_pb_text _builder_version=\u00bb4.27.4&#8243; _module_preset=\u00bbadccd554-fe34-4db4-8ab3-6e49d1c53dc0&#8243; text_font=\u00bb||||||||\u00bb text_font_size=\u00bb24px\u00bb global_colors_info=\u00bb{}\u00bb]<\/p>\n<h1>Declaraci\u00f3n de accesibilidad<\/h1>\n<p>[\/et_pb_text][et_pb_text _builder_version=\u00bb4.27.4&#8243; _module_preset=\u00bbadccd554-fe34-4db4-8ab3-6e49d1c53dc0&#8243; text_font=\u00bb||||||||\u00bb text_font_size=\u00bb24px\u00bb text_font_size_tablet=\u00bb24px\u00bb text_font_size_phone=\u00bb20px\u00bb text_font_size_last_edited=\u00bbon|phone\u00bb global_colors_info=\u00bb{}\u00bb]<\/p>\n<p data-path-to-node=\"6\"><b data-path-to-node=\"6\" data-index-in-node=\"0\">Situaci\u00f3n de cumplimiento<\/b> Este sitio web es <b data-path-to-node=\"6\" data-index-in-node=\"44\">parcialmente conforme<\/b> con el RD 1112\/2018 debido a las excepciones y a la falta de conformidad de los aspectos que se indican a continuaci\u00f3n.<\/p>\n<p data-path-to-node=\"7\"><b data-path-to-node=\"7\" data-index-in-node=\"0\">Contenido no accesible<\/b> Tras la revisi\u00f3n t\u00e9cnica realizada el <b data-path-to-node=\"7\" data-index-in-node=\"61\">28\/01\/2026<\/b>, se han identificado los siguientes incumplimientos:<\/p>\n<ul data-path-to-node=\"8\">\n<li>\n<p data-path-to-node=\"8,0,0\"><b data-path-to-node=\"8,0,0\" data-index-in-node=\"0\">Contraste (9.1.4.3):<\/b> Algunos elementos de texto o gr\u00e1ficos no cumplen con el ratio de contraste m\u00ednimo requerido de 4.5:1.<\/p>\n<\/li>\n<li>\n<p data-path-to-node=\"8,1,0\"><b data-path-to-node=\"8,1,0\" data-index-in-node=\"0\">Etiquetado de formularios (9.3.3.2):<\/b> Se han detectado campos de entrada de datos que carecen de etiquetas descriptivas claras.<\/p>\n<\/li>\n<li>\n<p data-path-to-node=\"8,2,0\"><b data-path-to-node=\"8,2,0\" data-index-in-node=\"0\">Jerarqu\u00eda de encabezados (9.1.3.1):<\/b> La estructura de t\u00edtulos (H1, H2, H3) no es totalmente l\u00f3gica en todas las p\u00e1ginas de la muestra.<\/p>\n<\/li>\n<\/ul>\n<p data-path-to-node=\"9\"><b data-path-to-node=\"9\" data-index-in-node=\"0\">Preparaci\u00f3n de la presente declaraci\u00f3n<\/b> La presente declaraci\u00f3n fue preparada el <b data-path-to-node=\"9\" data-index-in-node=\"80\">28\/01\/2026<\/b>. El m\u00e9todo empleado ha sido una autoevaluaci\u00f3n realizada por el Agente Digitalizador.<\/p>\n<p data-path-to-node=\"10\"><b data-path-to-node=\"10\" data-index-in-node=\"0\">Observaciones y datos de contacto<\/b> Cualquier incidencia sobre requisitos de accesibilidad puede comunicarse a trav\u00e9s del correo: <span>finca@ladespeinada.eu<\/span><\/p>\n<p>[\/et_pb_text][\/et_pb_column][\/et_pb_row][\/et_pb_section][et_pb_section fb_built=\u00bb1&#8243; admin_label=\u00bbFeatures\u00bb _builder_version=\u00bb4.20.0&#8243; _module_preset=\u00bbdefault\u00bb background_color=\u00bbgcid-3be8d3fa-8b11-41b4-b614-e601c43d7597&#8243; collapsed=\u00bbon\u00bb global_colors_info=\u00bb{%22gcid-3be8d3fa-8b11-41b4-b614-e601c43d7597%22:%91%22background_color%22%93}\u00bb][et_pb_row column_structure=\u00bb1_2,1_2&#8243; use_custom_gutter=\u00bbon\u00bb gutter_width=\u00bb2&#8243; make_equal=\u00bbon\u00bb _builder_version=\u00bb4.27.4&#8243; _module_preset=\u00bbdefault\u00bb width=\u00bb90%\u00bb max_width=\u00bb1400px\u00bb custom_padding=\u00bb0px||0px||false|false\u00bb locked=\u00bboff\u00bb global_colors_info=\u00bb{}\u00bb][et_pb_column type=\u00bb1_2&#8243; _builder_version=\u00bb4.27.4&#8243; _module_preset=\u00bbdefault\u00bb background_color=\u00bb#517A84&#8243; custom_padding=\u00bb8vw|30px|8vw|30px|true|true\u00bb global_colors_info=\u00bb{}\u00bb][et_pb_text _builder_version=\u00bb4.27.4&#8243; _module_preset=\u00bbadccd554-fe34-4db4-8ab3-6e49d1c53dc0&#8243; text_font=\u00bb||||||||\u00bb text_text_color=\u00bb#F4F4F4&#8243; text_font_size=\u00bb24px\u00bb custom_padding=\u00bb0px||0px||false|false\u00bb text_font_size_phone=\u00bb20px\u00bb global_colors_info=\u00bb{}\u00bb]<\/p>\n<p>Ens vam con\u00e8ixer, ens vam enamorar i entre altres aventures vam comen\u00e7ar un cinema ambulant a El Salvador i Col\u00f2mbia portant cinema a les comunitats m\u00e9s remotes.<\/p>\n<p>El 2014, vam tornar a Europa i ens vam decidir a buscar un tros de terra, amb vinyes velles i una casa per construir a Espanya.<\/p>\n<p>Viatgem durant nou mesos, com a voluntaris en projectes de vi natural, bioconstrucci\u00f3 i agroecologia per tot Espanya fins a aterrar a la Terra Alta. Al juliol 2016, comencem a cuidar les nostres vinyes, construir nosaltres mateixos la nostra casa, fer els nostres primers vins, plantar un hort, arbres\u2026 i aqu\u00ed seguim<\/p>\n<p>[\/et_pb_text][\/et_pb_column][et_pb_column type=\u00bb1_2&#8243; _builder_version=\u00bb4.27.4&#8243; _module_preset=\u00bbdefault\u00bb background_image=\u00bbhttp:\/\/ladespeinada.eu\/wp-content\/uploads\/2025\/10\/despeinadanos.jpg\u00bb background_position=\u00bbtop_center\u00bb global_colors_info=\u00bb{}\u00bb][et_pb_divider show_divider=\u00bboff\u00bb _builder_version=\u00bb4.20.0&#8243; _module_preset=\u00bbdefault\u00bb height_tablet=\u00bb48vw\u00bb height_phone=\u00bb48vw\u00bb height_last_edited=\u00bbon|desktop\u00bb global_colors_info=\u00bb{}\u00bb][\/et_pb_divider][\/et_pb_column][\/et_pb_row][\/et_pb_section][et_pb_section fb_built=\u00bb1&#8243; admin_label=\u00bbFooter\u00bb _builder_version=\u00bb4.27.4&#8243; _module_preset=\u00bbdefault\u00bb background_color=\u00bb#F4F4F4&#8243; global_module=\u00bb44&#8243; saved_tabs=\u00bball\u00bb collapsed=\u00bbon\u00bb global_colors_info=\u00bb{}\u00bb][et_pb_row column_structure=\u00bb1_2,1_2&#8243; make_equal=\u00bbon\u00bb _builder_version=\u00bb4.20.0&#8243; _module_preset=\u00bbdefault\u00bb width=\u00bb90%\u00bb max_width=\u00bbnone\u00bb global_colors_info=\u00bb{}\u00bb][et_pb_column type=\u00bb1_2&#8243; _builder_version=\u00bb4.20.0&#8243; _module_preset=\u00bbdefault\u00bb global_colors_info=\u00bb{}\u00bb][et_pb_image src=\u00bbhttp:\/\/ladespeinada.eu\/wp-content\/uploads\/2025\/06\/LOGO-la-despeinada.png\u00bb title_text=\u00bbLOGO-la-despeinada\u00bb _builder_version=\u00bb4.27.4&#8243; _module_preset=\u00bbdefault\u00bb global_colors_info=\u00bb{}\u00bb][\/et_pb_image][\/et_pb_column][et_pb_column type=\u00bb1_2&#8243; _builder_version=\u00bb4.20.0&#8243; _module_preset=\u00bbdefault\u00bb global_colors_info=\u00bb{}\u00bb][et_pb_icon font_icon=\u00bb&#x22;||divi||400&#8243; url=\u00bb#\u00bb align=\u00bbleft\u00bb _builder_version=\u00bb4.20.0&#8243; _module_preset=\u00bb8c43a784-4ac4-4233-85c2-417bb5dee13b\u00bb positioning=\u00bbabsolute\u00bb position_origin_a=\u00bbbottom_left\u00bb position_origin_a_tablet=\u00bbbottom_left\u00bb position_origin_a_phone=\u00bbbottom_left\u00bb position_origin_a_last_edited=\u00bbon|tablet\u00bb position_origin_f_tablet=\u00bb\u00bb position_origin_f_phone=\u00bb\u00bb position_origin_f_last_edited=\u00bbon|tablet\u00bb position_origin_r_tablet=\u00bb\u00bb position_origin_r_phone=\u00bb\u00bb position_origin_r_last_edited=\u00bbon|tablet\u00bb custom_margin_last_edited=\u00bboff|desktop\u00bb positioning_tablet=\u00bbnone\u00bb positioning_phone=\u00bbnone\u00bb positioning_last_edited=\u00bbon|tablet\u00bb global_colors_info=\u00bb{}\u00bb custom_margin__hover_enabled=\u00bbon|hover\u00bb custom_margin__hover=\u00bb||-10px||false|false\u00bb][\/et_pb_icon][\/et_pb_column][\/et_pb_row][et_pb_row column_structure=\u00bb1_2,1_2&#8243; make_equal=\u00bbon\u00bb _builder_version=\u00bb4.20.0&#8243; _module_preset=\u00bbdefault\u00bb width=\u00bb90%\u00bb max_width=\u00bbnone\u00bb global_colors_info=\u00bb{}\u00bb][et_pb_column type=\u00bb1_2&#8243; _builder_version=\u00bb4.20.0&#8243; _module_preset=\u00bbdefault\u00bb global_colors_info=\u00bb{}\u00bb][et_pb_text _builder_version=\u00bb4.27.4&#8243; _module_preset=\u00bb4caa610f-c17f-4f68-8b00-a4e3c7ec34f2&#8243; global_colors_info=\u00bb{}\u00bb]<\/p>\n<h3><span>Carrer M\u00e8ndez N\u00fa\u00f1ez, 41. <br \/><\/span><span>Gandesa.<\/span><\/h3>\n<p>[\/et_pb_text][et_pb_text _builder_version=\u00bb4.27.4&#8243; _module_preset=\u00bb4caa610f-c17f-4f68-8b00-a4e3c7ec34f2&#8243; global_colors_info=\u00bb{}\u00bb]<\/p>\n<h3>Alex : +34 604 35 71 93<br \/>Petra : +34 604 35 34 68<\/h3>\n<p>[\/et_pb_text][\/et_pb_column][et_pb_column type=\u00bb1_2&#8243; _builder_version=\u00bb4.20.0&#8243; _module_preset=\u00bbdefault\u00bb global_colors_info=\u00bb{}\u00bb][et_pb_button button_url=\u00bb@ET-DC@eyJkeW5hbWljIjp0cnVlLCJjb250ZW50IjoicG9zdF9saW5rX3VybF9wYWdlIiwic2V0dGluZ3MiOnsicG9zdF9pZCI6Ijk0In19@\u00bb button_text=\u00bbContacta\u00bb _builder_version=\u00bb4.27.4&#8243; _dynamic_attributes=\u00bbbutton_url\u00bb _module_preset=\u00bbaeeea4cc-5312-4ffb-99ce-8caa3457264c\u00bb positioning=\u00bbabsolute\u00bb position_origin_a=\u00bbbottom_right\u00bb position_origin_a_tablet=\u00bbbottom_right\u00bb position_origin_a_phone=\u00bbbottom_right\u00bb position_origin_a_last_edited=\u00bbon|tablet\u00bb position_origin_f_tablet=\u00bb\u00bb position_origin_f_phone=\u00bb\u00bb position_origin_f_last_edited=\u00bbon|tablet\u00bb position_origin_r_tablet=\u00bb\u00bb position_origin_r_phone=\u00bb\u00bb position_origin_r_last_edited=\u00bbon|tablet\u00bb positioning_tablet=\u00bbnone\u00bb positioning_phone=\u00bbnone\u00bb positioning_last_edited=\u00bbon|tablet\u00bb global_colors_info=\u00bb{}\u00bb][\/et_pb_button][et_pb_text _builder_version=\u00bb4.27.4&#8243; _module_preset=\u00bbdefault\u00bb hover_enabled=\u00bb0&#8243; global_colors_info=\u00bb{}\u00bb sticky_enabled=\u00bb0&#8243;]<\/p>\n<p style=\"text-align: right;\">NOTA LEGAL<br \/>POL\u00cdTICA DE PRIVACIDAD<br \/><a href=\"https:\/\/ladespeinada.eu\/ca\/accesibilidad\/\">DECLARACI\u00d3N ACCESIBILIDAD<\/a><\/p>\n<p>[\/et_pb_text][\/et_pb_column][\/et_pb_row][et_pb_row _builder_version=\u00bb4.27.4&#8243; _module_preset=\u00bbdefault\u00bb global_colors_info=\u00bb{}\u00bb][et_pb_column type=\u00bb4_4&#8243; _builder_version=\u00bb4.27.4&#8243; _module_preset=\u00bbdefault\u00bb global_colors_info=\u00bb{}\u00bb][et_pb_text _builder_version=\u00bb4.27.4&#8243; _module_preset=\u00bbdefault\u00bb custom_margin=\u00bb||11px|||\u00bb global_colors_info=\u00bb{}\u00bb]<\/p>\n<p style=\"text-align: center;\">PROGRAMA KIT DIGITAL FINANCIADO POR LOS FONDOS NEXT GENERATION DEL MECANISMO DE RECUPERACI\u00d3N Y RESILIENCIA<\/p>\n<p>[\/et_pb_text][et_pb_image src=\u00bbhttp:\/\/ladespeinada.eu\/wp-content\/uploads\/2025\/06\/CONBANDERA_KITDIGITAL-2-scaled-1.png\u00bb title_text=\u00bbCONBANDERA_KITDIGITAL-2-scaled\u00bb _builder_version=\u00bb4.27.4&#8243; _module_preset=\u00bbdefault\u00bb global_colors_info=\u00bb{}\u00bb][\/et_pb_image][\/et_pb_column][\/et_pb_row][\/et_pb_section][et_pb_section fb_built=\u00bb1&#8243; admin_label=\u00bbFooter\u00bb _builder_version=\u00bb4.20.0&#8243; _module_preset=\u00bbdefault\u00bb custom_padding=\u00bb0px||0px||true|false\u00bb saved_tabs=\u00bball\u00bb locked=\u00bboff\u00bb collapsed=\u00bbon\u00bb global_colors_info=\u00bb{}\u00bb][et_pb_row _builder_version=\u00bb4.20.0&#8243; _module_preset=\u00bbdefault\u00bb width=\u00bb100%\u00bb max_width=\u00bbnone\u00bb custom_padding=\u00bb0px||0px||true|false\u00bb locked=\u00bboff\u00bb global_colors_info=\u00bb{}\u00bb][et_pb_column type=\u00bb4_4&#8243; _builder_version=\u00bb4.20.0&#8243; _module_preset=\u00bbdefault\u00bb global_colors_info=\u00bb{}\u00bb][et_pb_image src=\u00bbhttp:\/\/ladespeinada.eu\/wp-content\/uploads\/2025\/06\/skyline.jpg\u00bb title_text=\u00bbskyline\u00bb force_fullwidth=\u00bbon\u00bb _builder_version=\u00bb4.27.4&#8243; _module_preset=\u00bbdefault\u00bb global_colors_info=\u00bb{}\u00bb][\/et_pb_image][\/et_pb_column][\/et_pb_row][\/et_pb_section]<\/p>","protected":false},"excerpt":{"rendered":"<p>Declaraci\u00f3n de accesibilidadSituaci\u00f3n de cumplimiento Este sitio web es parcialmente conforme con el RD 1112\/2018 debido a las excepciones y a la falta de conformidad de los aspectos que se indican a continuaci\u00f3n. Contenido no accesible Tras la revisi\u00f3n t\u00e9cnica realizada el 28\/01\/2026, se han identificado los siguientes incumplimientos: Contraste (9.1.4.3): Algunos elementos de texto [&hellip;]<\/p>","protected":false},"author":1,"featured_media":0,"parent":0,"menu_order":0,"comment_status":"closed","ping_status":"closed","template":"","meta":{"_et_pb_use_builder":"on","_et_pb_old_content":"","_et_gb_content_width":"","footnotes":""},"class_list":["post-354","page","type-page","status-publish","hentry"],"yoast_head":"<!-- This site is optimized with the Yoast SEO plugin v26.9 - https:\/\/yoast.com\/product\/yoast-seo-wordpress\/ -->\n<title>accesibilidad - La despeinada<\/title>\n<meta name=\"robots\" content=\"index, follow, max-snippet:-1, max-image-preview:large, max-video-preview:-1\" \/>\n<link rel=\"canonical\" href=\"https:\/\/ladespeinada.eu\/ca\/accesibilidad\/\" \/>\n<meta property=\"og:locale\" content=\"ca_ES\" \/>\n<meta property=\"og:type\" content=\"article\" \/>\n<meta property=\"og:title\" content=\"accesibilidad - La despeinada\" \/>\n<meta property=\"og:description\" content=\"Declaraci\u00f3n de accesibilidadSituaci\u00f3n de cumplimiento Este sitio web es parcialmente conforme con el RD 1112\/2018 debido a las excepciones y a la falta de conformidad de los aspectos que se indican a continuaci\u00f3n. Contenido no accesible Tras la revisi\u00f3n t\u00e9cnica realizada el 28\/01\/2026, se han identificado los siguientes incumplimientos: Contraste (9.1.4.3): Algunos elementos de texto [&hellip;]\" \/>\n<meta property=\"og:url\" content=\"https:\/\/ladespeinada.eu\/ca\/accesibilidad\/\" \/>\n<meta property=\"og:site_name\" content=\"La despeinada\" \/>\n<meta property=\"article:modified_time\" content=\"2026-01-28T11:42:25+00:00\" \/>\n<meta name=\"twitter:card\" content=\"summary_large_image\" \/>\n<script type=\"application\/ld+json\" class=\"yoast-schema-graph\">{\"@context\":\"https:\/\/schema.org\",\"@graph\":[{\"@type\":\"WebPage\",\"@id\":\"https:\/\/ladespeinada.eu\/accesibilidad\/\",\"url\":\"https:\/\/ladespeinada.eu\/accesibilidad\/\",\"name\":\"accesibilidad - La despeinada\",\"isPartOf\":{\"@id\":\"https:\/\/ladespeinada.eu\/#website\"},\"datePublished\":\"2026-01-28T11:40:21+00:00\",\"dateModified\":\"2026-01-28T11:42:25+00:00\",\"breadcrumb\":{\"@id\":\"https:\/\/ladespeinada.eu\/accesibilidad\/#breadcrumb\"},\"inLanguage\":\"ca\",\"potentialAction\":[{\"@type\":\"ReadAction\",\"target\":[\"https:\/\/ladespeinada.eu\/accesibilidad\/\"]}]},{\"@type\":\"BreadcrumbList\",\"@id\":\"https:\/\/ladespeinada.eu\/accesibilidad\/#breadcrumb\",\"itemListElement\":[{\"@type\":\"ListItem\",\"position\":1,\"name\":\"Portada\",\"item\":\"https:\/\/ladespeinada.eu\/es\/\"},{\"@type\":\"ListItem\",\"position\":2,\"name\":\"accesibilidad\"}]},{\"@type\":\"WebSite\",\"@id\":\"https:\/\/ladespeinada.eu\/#website\",\"url\":\"https:\/\/ladespeinada.eu\/\",\"name\":\"La despeinada\",\"description\":\"Vino ecologico de la Terra Alta\",\"potentialAction\":[{\"@type\":\"SearchAction\",\"target\":{\"@type\":\"EntryPoint\",\"urlTemplate\":\"https:\/\/ladespeinada.eu\/?s={search_term_string}\"},\"query-input\":{\"@type\":\"PropertyValueSpecification\",\"valueRequired\":true,\"valueName\":\"search_term_string\"}}],\"inLanguage\":\"ca\"}]}<\/script>\n<!-- \/ Yoast SEO plugin. -->","yoast_head_json":{"title":"accesibilidad - La despeinada","robots":{"index":"index","follow":"follow","max-snippet":"max-snippet:-1","max-image-preview":"max-image-preview:large","max-video-preview":"max-video-preview:-1"},"canonical":"https:\/\/ladespeinada.eu\/ca\/accesibilidad\/","og_locale":"ca_ES","og_type":"article","og_title":"accesibilidad - La despeinada","og_description":"Declaraci\u00f3n de accesibilidadSituaci\u00f3n de cumplimiento Este sitio web es parcialmente conforme con el RD 1112\/2018 debido a las excepciones y a la falta de conformidad de los aspectos que se indican a continuaci\u00f3n. Contenido no accesible Tras la revisi\u00f3n t\u00e9cnica realizada el 28\/01\/2026, se han identificado los siguientes incumplimientos: Contraste (9.1.4.3): Algunos elementos de texto [&hellip;]","og_url":"https:\/\/ladespeinada.eu\/ca\/accesibilidad\/","og_site_name":"La despeinada","article_modified_time":"2026-01-28T11:42:25+00:00","twitter_card":"summary_large_image","schema":{"@context":"https:\/\/schema.org","@graph":[{"@type":"WebPage","@id":"https:\/\/ladespeinada.eu\/accesibilidad\/","url":"https:\/\/ladespeinada.eu\/accesibilidad\/","name":"accesibilidad - La despeinada","isPartOf":{"@id":"https:\/\/ladespeinada.eu\/#website"},"datePublished":"2026-01-28T11:40:21+00:00","dateModified":"2026-01-28T11:42:25+00:00","breadcrumb":{"@id":"https:\/\/ladespeinada.eu\/accesibilidad\/#breadcrumb"},"inLanguage":"ca","potentialAction":[{"@type":"ReadAction","target":["https:\/\/ladespeinada.eu\/accesibilidad\/"]}]},{"@type":"BreadcrumbList","@id":"https:\/\/ladespeinada.eu\/accesibilidad\/#breadcrumb","itemListElement":[{"@type":"ListItem","position":1,"name":"Portada","item":"https:\/\/ladespeinada.eu\/es\/"},{"@type":"ListItem","position":2,"name":"accesibilidad"}]},{"@type":"WebSite","@id":"https:\/\/ladespeinada.eu\/#website","url":"https:\/\/ladespeinada.eu\/","name":"La despeinada","description":"Vino ecologico de la Terra Alta","potentialAction":[{"@type":"SearchAction","target":{"@type":"EntryPoint","urlTemplate":"https:\/\/ladespeinada.eu\/?s={search_term_string}"},"query-input":{"@type":"PropertyValueSpecification","valueRequired":true,"valueName":"search_term_string"}}],"inLanguage":"ca"}]}},"_links":{"self":[{"href":"https:\/\/ladespeinada.eu\/ca\/wp-json\/wp\/v2\/pages\/354","targetHints":{"allow":["GET"]}}],"collection":[{"href":"https:\/\/ladespeinada.eu\/ca\/wp-json\/wp\/v2\/pages"}],"about":[{"href":"https:\/\/ladespeinada.eu\/ca\/wp-json\/wp\/v2\/types\/page"}],"author":[{"embeddable":true,"href":"https:\/\/ladespeinada.eu\/ca\/wp-json\/wp\/v2\/users\/1"}],"replies":[{"embeddable":true,"href":"https:\/\/ladespeinada.eu\/ca\/wp-json\/wp\/v2\/comments?post=354"}],"version-history":[{"count":3,"href":"https:\/\/ladespeinada.eu\/ca\/wp-json\/wp\/v2\/pages\/354\/revisions"}],"predecessor-version":[{"id":362,"href":"https:\/\/ladespeinada.eu\/ca\/wp-json\/wp\/v2\/pages\/354\/revisions\/362"}],"wp:attachment":[{"href":"https:\/\/ladespeinada.eu\/ca\/wp-json\/wp\/v2\/media?parent=354"}],"curies":[{"name":"wp","href":"https:\/\/api.w.org\/{rel}","templated":true}]}}