{"id":363,"date":"2026-01-28T11:49:57","date_gmt":"2026-01-28T11:49:57","guid":{"rendered":"https:\/\/ladespeinada.eu\/?page_id=363"},"modified":"2026-02-09T10:41:07","modified_gmt":"2026-02-09T10:41:07","slug":"aviso-legal","status":"publish","type":"page","link":"https:\/\/ladespeinada.eu\/ca\/aviso-legal\/","title":{"rendered":"aviso legal"},"content":{"rendered":"<p>[et_pb_section fb_built=\u00bb1&#8243; admin_label=\u00bbAbout\u00bb _builder_version=\u00bb4.27.4&#8243; _module_preset=\u00bbdefault\u00bb background_color=\u00bb#F4F4F4&#8243; collapsed=\u00bbon\u00bb global_colors_info=\u00bb{}\u00bb][et_pb_row _builder_version=\u00bb4.27.4&#8243; _module_preset=\u00bbdefault\u00bb width=\u00bb90%\u00bb max_width=\u00bb1000px\u00bb global_colors_info=\u00bb{}\u00bb][et_pb_column type=\u00bb4_4&#8243; _builder_version=\u00bb4.27.4&#8243; _module_preset=\u00bbdefault\u00bb global_colors_info=\u00bb{}\u00bb][et_pb_text _builder_version=\u00bb4.27.4&#8243; _module_preset=\u00bbadccd554-fe34-4db4-8ab3-6e49d1c53dc0&#8243; text_font=\u00bb||||||||\u00bb text_font_size=\u00bb24px\u00bb global_colors_info=\u00bb{}\u00bb]<\/p>\n<h1>Aviso Legal<\/h1>\n<p>[\/et_pb_text][et_pb_text _builder_version=\u00bb4.27.4&#8243; _module_preset=\u00bbadccd554-fe34-4db4-8ab3-6e49d1c53dc0&#8243; text_font=\u00bb||||||||\u00bb text_font_size=\u00bb24px\u00bb text_font_size_tablet=\u00bb24px\u00bb text_font_size_phone=\u00bb20px\u00bb text_font_size_last_edited=\u00bbon|phone\u00bb global_colors_info=\u00bb{}\u00bb]<\/p>\n<p data-path-to-node=\"4,1\"><span data-path-to-node=\"4,1,1\"><span class=\"citation-437\">En cumplimiento con el deber de informaci\u00f3n dispuesto en la Ley 34\/2002 de Servicios de la Sociedad de la Informaci\u00f3n y el Comercio Electr\u00f3nico (LSSI-CE)<\/span><\/span><span data-path-to-node=\"4,1,2\"><span class=\"citation-437 citation-end-437\"><source-footnote ng-version=\"0.0.0-PLACEHOLDER\" _nghost-ng-c86432670=\"\"><sup _ngcontent-ng-c86432670=\"\" class=\"superscript\" data-turn-source-index=\"5\"><\/sup><\/source-footnote><\/span><\/span><span data-path-to-node=\"4,1,3\">, se facilitan los siguientes datos de informaci\u00f3n general de este sitio web:<\/span><sources-carousel-inline ng-version=\"0.0.0-PLACEHOLDER\" _nghost-ng-c1841753869=\"\"><source-inline-chips _ngcontent-ng-c1841753869=\"\" _nghost-ng-c3554374441=\"\" class=\"ng-star-inserted\"><source-inline-chip _ngcontent-ng-c3554374441=\"\" _nghost-ng-c2970764686=\"\" class=\"ng-star-inserted\"><\/source-inline-chip><\/source-inline-chips><\/sources-carousel-inline><\/p>\n<p data-path-to-node=\"4,2\"><span data-path-to-node=\"4,2,0\"><span class=\"citation-436\"><\/span><\/span><span data-path-to-node=\"4,2,1\"><b data-path-to-node=\"4,2,1\" data-index-in-node=\"2\"><span class=\"citation-436\">Titular:<\/span><\/b><span class=\"citation-436\"> Cooperativa Malgranda, SCCL <\/span><\/span><span data-path-to-node=\"4,2,2\"><span class=\"citation-436 citation-end-436\"><source-footnote ng-version=\"0.0.0-PLACEHOLDER\" _nghost-ng-c86432670=\"\"><sup _ngcontent-ng-c86432670=\"\" class=\"superscript\" data-turn-source-index=\"6\"><\/sup><\/source-footnote><\/span><\/span><span data-path-to-node=\"4,2,3\"><span class=\"citation-435\"><\/span><\/span><span data-path-to-node=\"4,2,4\"><span class=\"citation-435\"><br \/><\/span><b data-path-to-node=\"4,2,4\" data-index-in-node=\"2\"><span class=\"citation-435\">NIF:<\/span><\/b><span class=\"citation-435\"> F01723097 <\/span><\/span><span data-path-to-node=\"4,2,5\"><span class=\"citation-435 citation-end-435\"><source-footnote ng-version=\"0.0.0-PLACEHOLDER\" _nghost-ng-c86432670=\"\"><sup _ngcontent-ng-c86432670=\"\" class=\"superscript\" data-turn-source-index=\"7\"><\/sup><\/source-footnote><\/span><\/span><span data-path-to-node=\"4,2,6\"><span class=\"citation-434\"><\/span><\/span><span data-path-to-node=\"4,2,7\"><span class=\"citation-434\"><br \/><\/span><b data-path-to-node=\"4,2,7\" data-index-in-node=\"2\"><span class=\"citation-434\">Domicilio:<\/span><\/b><span class=\"citation-434\"> Carrer M\u00e8ndez N\u00fa\u00f1ez, 41. 43780 Gandesa (Tarragona) <\/span><\/span><span data-path-to-node=\"4,2,8\"><span class=\"citation-434 citation-end-434\"><source-footnote ng-version=\"0.0.0-PLACEHOLDER\" _nghost-ng-c86432670=\"\"><sup _ngcontent-ng-c86432670=\"\" class=\"superscript\" data-turn-source-index=\"8\"><\/sup><\/source-footnote><\/span><\/span><span data-path-to-node=\"4,2,9\"><span class=\"citation-433\"><\/span><\/span><span data-path-to-node=\"4,2,10\"><span class=\"citation-433\"><br \/><\/span><b data-path-to-node=\"4,2,10\" data-index-in-node=\"2\"><span class=\"citation-433\">Email de contacto:<\/span><\/b><span class=\"citation-433\"> finca@ladespeinada.eu <\/span><\/span><span data-path-to-node=\"4,2,11\"><span class=\"citation-433 citation-end-433\"><source-footnote ng-version=\"0.0.0-PLACEHOLDER\" _nghost-ng-c86432670=\"\"><sup _ngcontent-ng-c86432670=\"\" class=\"superscript\" data-turn-source-index=\"9\"><\/sup><\/source-footnote><\/span><\/span><sources-carousel-inline ng-version=\"0.0.0-PLACEHOLDER\" _nghost-ng-c1841753869=\"\"><source-inline-chips _ngcontent-ng-c1841753869=\"\" _nghost-ng-c3554374441=\"\" class=\"ng-star-inserted\"><source-inline-chip _ngcontent-ng-c3554374441=\"\" _nghost-ng-c2970764686=\"\" class=\"ng-star-inserted\"><\/source-inline-chip><\/source-inline-chips><\/sources-carousel-inline><\/p>\n<ul data-path-to-node=\"4,3\">\n<li>\n<p data-path-to-node=\"4,3,0,0\"><b data-path-to-node=\"4,3,0,0\" data-index-in-node=\"0\">Datos Registrales:<\/b> Inscrita en el Registro de Cooperativas de la Generalitat de Catalunya con el n\u00famero 15.561\u00a0<\/p>\n<\/li>\n<\/ul>\n<p>[\/et_pb_text][\/et_pb_column][\/et_pb_row][\/et_pb_section][et_pb_section fb_built=\u00bb1&#8243; admin_label=\u00bbAbout\u00bb _builder_version=\u00bb4.27.4&#8243; _module_preset=\u00bbdefault\u00bb background_color=\u00bb#F4F4F4&#8243; collapsed=\u00bbon\u00bb global_colors_info=\u00bb{}\u00bb][et_pb_row _builder_version=\u00bb4.27.4&#8243; _module_preset=\u00bbdefault\u00bb width=\u00bb90%\u00bb max_width=\u00bb1000px\u00bb global_colors_info=\u00bb{}\u00bb][et_pb_column type=\u00bb4_4&#8243; _builder_version=\u00bb4.27.4&#8243; _module_preset=\u00bbdefault\u00bb global_colors_info=\u00bb{}\u00bb][et_pb_text _builder_version=\u00bb4.27.4&#8243; _module_preset=\u00bbadccd554-fe34-4db4-8ab3-6e49d1c53dc0&#8243; text_font=\u00bb||||||||\u00bb text_font_size=\u00bb24px\u00bb global_colors_info=\u00bb{}\u00bb]<\/p>\n<h1>Pol\u00edtica de privacidad<\/h1>\n<p>[\/et_pb_text][et_pb_text _builder_version=\u00bb4.27.4&#8243; _module_preset=\u00bbadccd554-fe34-4db4-8ab3-6e49d1c53dc0&#8243; text_font=\u00bb||||||||\u00bb text_font_size=\u00bb24px\u00bb text_font_size_tablet=\u00bb24px\u00bb text_font_size_phone=\u00bb20px\u00bb text_font_size_last_edited=\u00bbon|phone\u00bb global_colors_info=\u00bb{}\u00bb]<\/p>\n<p data-path-to-node=\"4\"><b data-path-to-node=\"4\" data-index-in-node=\"0\">1. Responsable del Tratamiento<\/b><\/p>\n<ul data-path-to-node=\"5\">\n<li>\n<p data-path-to-node=\"5,0,0\"><b data-path-to-node=\"5,0,0\" data-index-in-node=\"0\">Identidad:<\/b> Cooperativa Malgranda, SCCL.<\/p>\n<\/li>\n<li>\n<p data-path-to-node=\"5,1,0\"><b data-path-to-node=\"5,1,0\" data-index-in-node=\"0\">NIF:<\/b> F01723097.<\/p>\n<\/li>\n<li>\n<p data-path-to-node=\"5,2,0\"><b data-path-to-node=\"5,2,0\" data-index-in-node=\"0\">Direcci\u00f3n:<\/b> Carrer M\u00e8ndez N\u00fa\u00f1ez, 41. 43780 Gandesa (Tarragona).<\/p>\n<\/li>\n<li>\n<p data-path-to-node=\"5,3,0\"><b data-path-to-node=\"5,3,0\" data-index-in-node=\"0\">Email:<\/b> finca@ladespeinada.eu.<\/p>\n<\/li>\n<\/ul>\n<p data-path-to-node=\"6\"><b data-path-to-node=\"6\" data-index-in-node=\"0\">2. Finalidad del Tratamiento<\/b> Los datos personales que se recojan a trav\u00e9s de este sitio web ser\u00e1n tratados con las siguientes finalidades:<\/p>\n<ul data-path-to-node=\"7\">\n<li>\n<p data-path-to-node=\"7,0,0\">Gestionar las consultas y solicitudes de informaci\u00f3n recibidas a trav\u00e9s de los formularios de contacto.<\/p>\n<\/li>\n<li>\n<p data-path-to-node=\"7,1,0\">En caso de que el usuario lo autorice mediante la casilla correspondiente, remitir comunicaciones comerciales sobre los productos y servicios de la Cooperativa.<\/p>\n<\/li>\n<li>\n<p data-path-to-node=\"7,2,0\">Cumplir con las obligaciones legales derivadas de la prestaci\u00f3n de servicios.<\/p>\n<\/li>\n<\/ul>\n<p data-path-to-node=\"8\"><b data-path-to-node=\"8\" data-index-in-node=\"0\">3. Legitimaci\u00f3n<\/b><\/p>\n<ul data-path-to-node=\"9\">\n<li>\n<p data-path-to-node=\"9,0,0\">El tratamiento de sus datos se basa en el <b data-path-to-node=\"9,0,0\" data-index-in-node=\"42\">consentimiento expreso<\/b> del interesado al marcar la casilla de aceptaci\u00f3n de la pol\u00edtica de privacidad antes de enviar su solicitud.<\/p>\n<\/li>\n<li>\n<p data-path-to-node=\"9,1,0\">Usted tiene derecho a retirar su consentimiento en cualquier momento, sin que ello afecte a la licitud del tratamiento basado en el consentimiento previo a su retirada.<\/p>\n<\/li>\n<\/ul>\n<p data-path-to-node=\"10\"><b data-path-to-node=\"10\" data-index-in-node=\"0\">4. Destinatarios de los Datos<\/b><\/p>\n<ul data-path-to-node=\"11\">\n<li>\n<p data-path-to-node=\"11,0,0\">No se comunicar\u00e1n los datos a terceros ajenos a la Cooperativa Malgranda, SCCL, salvo obligaci\u00f3n legal.<\/p>\n<\/li>\n<li>\n<p data-path-to-node=\"11,1,0\">No se realizan transferencias internacionales de datos fuera del Espacio Econ\u00f3mico Europeo.<\/p>\n<\/li>\n<\/ul>\n<p data-path-to-node=\"12\"><b data-path-to-node=\"12\" data-index-in-node=\"0\">5. Plazo de Conservaci\u00f3n<\/b><\/p>\n<ul data-path-to-node=\"13\">\n<li>\n<p data-path-to-node=\"13,0,0\">Los datos se conservar\u00e1n durante el tiempo necesario para cumplir con la finalidad para la que se recabaron y para determinar las posibles responsabilidades que se pudieran derivar de dicha finalidad.<\/p>\n<\/li>\n<\/ul>\n<p data-path-to-node=\"14\"><b data-path-to-node=\"14\" data-index-in-node=\"0\">6. Derechos del Usuario<\/b> El usuario puede ejercer en cualquier momento sus derechos de <b data-path-to-node=\"14\" data-index-in-node=\"86\">acceso, rectificaci\u00f3n, supresi\u00f3n, limitaci\u00f3n, portabilidad y oposici\u00f3n<\/b>. Para ello, debe enviar una comunicaci\u00f3n por escrito al domicilio social arriba indicado o al correo electr\u00f3nico <b data-path-to-node=\"14\" data-index-in-node=\"270\">finca@ladespeinada.eu<\/b>, acompa\u00f1ando copia de su DNI o documento oficial que le identifique.<\/p>\n<p>[\/et_pb_text][\/et_pb_column][\/et_pb_row][\/et_pb_section][et_pb_section fb_built=\u00bb1&#8243; admin_label=\u00bbFooter\u00bb _builder_version=\u00bb4.27.4&#8243; _module_preset=\u00bbdefault\u00bb background_color=\u00bb#F4F4F4&#8243; global_module=\u00bb44&#8243; saved_tabs=\u00bball\u00bb collapsed=\u00bbon\u00bb global_colors_info=\u00bb{}\u00bb][et_pb_row column_structure=\u00bb1_2,1_2&#8243; make_equal=\u00bbon\u00bb _builder_version=\u00bb4.20.0&#8243; _module_preset=\u00bbdefault\u00bb width=\u00bb90%\u00bb max_width=\u00bbnone\u00bb global_colors_info=\u00bb{}\u00bb][et_pb_column type=\u00bb1_2&#8243; _builder_version=\u00bb4.20.0&#8243; _module_preset=\u00bbdefault\u00bb global_colors_info=\u00bb{}\u00bb][et_pb_image src=\u00bbhttp:\/\/ladespeinada.eu\/wp-content\/uploads\/2025\/06\/LOGO-la-despeinada.png\u00bb title_text=\u00bbLOGO-la-despeinada\u00bb _builder_version=\u00bb4.27.4&#8243; _module_preset=\u00bbdefault\u00bb global_colors_info=\u00bb{}\u00bb][\/et_pb_image][\/et_pb_column][et_pb_column type=\u00bb1_2&#8243; _builder_version=\u00bb4.20.0&#8243; _module_preset=\u00bbdefault\u00bb global_colors_info=\u00bb{}\u00bb][et_pb_icon font_icon=\u00bb&#x22;||divi||400&#8243; url=\u00bb#\u00bb align=\u00bbleft\u00bb _builder_version=\u00bb4.20.0&#8243; _module_preset=\u00bb8c43a784-4ac4-4233-85c2-417bb5dee13b\u00bb positioning=\u00bbabsolute\u00bb position_origin_a=\u00bbbottom_left\u00bb position_origin_a_tablet=\u00bbbottom_left\u00bb position_origin_a_phone=\u00bbbottom_left\u00bb position_origin_a_last_edited=\u00bbon|tablet\u00bb position_origin_f_tablet=\u00bb\u00bb position_origin_f_phone=\u00bb\u00bb position_origin_f_last_edited=\u00bbon|tablet\u00bb position_origin_r_tablet=\u00bb\u00bb position_origin_r_phone=\u00bb\u00bb position_origin_r_last_edited=\u00bbon|tablet\u00bb custom_margin_last_edited=\u00bboff|desktop\u00bb positioning_tablet=\u00bbnone\u00bb positioning_phone=\u00bbnone\u00bb positioning_last_edited=\u00bbon|tablet\u00bb global_colors_info=\u00bb{}\u00bb custom_margin__hover_enabled=\u00bbon|hover\u00bb custom_margin__hover=\u00bb||-10px||false|false\u00bb][\/et_pb_icon][\/et_pb_column][\/et_pb_row][et_pb_row column_structure=\u00bb1_2,1_2&#8243; make_equal=\u00bbon\u00bb _builder_version=\u00bb4.20.0&#8243; _module_preset=\u00bbdefault\u00bb width=\u00bb90%\u00bb max_width=\u00bbnone\u00bb global_colors_info=\u00bb{}\u00bb][et_pb_column type=\u00bb1_2&#8243; _builder_version=\u00bb4.20.0&#8243; _module_preset=\u00bbdefault\u00bb global_colors_info=\u00bb{}\u00bb][et_pb_text _builder_version=\u00bb4.27.4&#8243; _module_preset=\u00bb4caa610f-c17f-4f68-8b00-a4e3c7ec34f2&#8243; global_colors_info=\u00bb{}\u00bb]<\/p>\n<h3><span>Carrer M\u00e8ndez N\u00fa\u00f1ez, 41. <br \/><\/span><span>Gandesa.<\/span><\/h3>\n<p>[\/et_pb_text][et_pb_text _builder_version=\u00bb4.27.4&#8243; _module_preset=\u00bb4caa610f-c17f-4f68-8b00-a4e3c7ec34f2&#8243; global_colors_info=\u00bb{}\u00bb]<\/p>\n<h3>Alex : +34 604 35 71 93<br \/>Petra : +34 604 35 34 68<\/h3>\n<p>[\/et_pb_text][\/et_pb_column][et_pb_column type=\u00bb1_2&#8243; _builder_version=\u00bb4.20.0&#8243; _module_preset=\u00bbdefault\u00bb global_colors_info=\u00bb{}\u00bb][et_pb_button button_url=\u00bb@ET-DC@eyJkeW5hbWljIjp0cnVlLCJjb250ZW50IjoicG9zdF9saW5rX3VybF9wYWdlIiwic2V0dGluZ3MiOnsicG9zdF9pZCI6Ijk0In19@\u00bb button_text=\u00bbContacta\u00bb _builder_version=\u00bb4.27.4&#8243; _dynamic_attributes=\u00bbbutton_url\u00bb _module_preset=\u00bbaeeea4cc-5312-4ffb-99ce-8caa3457264c\u00bb positioning=\u00bbabsolute\u00bb position_origin_a=\u00bbbottom_right\u00bb position_origin_a_tablet=\u00bbbottom_right\u00bb position_origin_a_phone=\u00bbbottom_right\u00bb position_origin_a_last_edited=\u00bbon|tablet\u00bb position_origin_f_tablet=\u00bb\u00bb position_origin_f_phone=\u00bb\u00bb position_origin_f_last_edited=\u00bbon|tablet\u00bb position_origin_r_tablet=\u00bb\u00bb position_origin_r_phone=\u00bb\u00bb position_origin_r_last_edited=\u00bbon|tablet\u00bb positioning_tablet=\u00bbnone\u00bb positioning_phone=\u00bbnone\u00bb positioning_last_edited=\u00bbon|tablet\u00bb global_colors_info=\u00bb{}\u00bb][\/et_pb_button][et_pb_text _builder_version=\u00bb4.27.4&#8243; _module_preset=\u00bbdefault\u00bb global_colors_info=\u00bb{}\u00bb]<\/p>\n<p style=\"text-align: right;\"><a href=\"https:\/\/ladespeinada.eu\/ca\/aviso-legal\/\">NOTA LEGAL I POL\u00cdTICA DE PRIVACITAT<\/a><br \/><a href=\"https:\/\/ladespeinada.eu\/ca\/accesibilidad\/\">DECLARACI\u00d3N ACCESIBILIDAD<\/a><\/p>\n<p>[\/et_pb_text][\/et_pb_column][\/et_pb_row][et_pb_row _builder_version=\u00bb4.27.4&#8243; _module_preset=\u00bbdefault\u00bb global_colors_info=\u00bb{}\u00bb][et_pb_column type=\u00bb4_4&#8243; _builder_version=\u00bb4.27.4&#8243; _module_preset=\u00bbdefault\u00bb global_colors_info=\u00bb{}\u00bb][et_pb_text _builder_version=\u00bb4.27.4&#8243; _module_preset=\u00bbdefault\u00bb custom_margin=\u00bb||11px|||\u00bb global_colors_info=\u00bb{}\u00bb]<\/p>\n<p style=\"text-align: center;\">PROGRAMA KIT DIGITAL FINANCIADO POR LOS FONDOS NEXT GENERATION DEL MECANISMO DE RECUPERACI\u00d3N Y RESILIENCIA<\/p>\n<p>[\/et_pb_text][et_pb_image src=\u00bbhttp:\/\/ladespeinada.eu\/wp-content\/uploads\/2025\/06\/CONBANDERA_KITDIGITAL-2-scaled-1.png\u00bb title_text=\u00bbCONBANDERA_KITDIGITAL-2-scaled\u00bb _builder_version=\u00bb4.27.4&#8243; _module_preset=\u00bbdefault\u00bb global_colors_info=\u00bb{}\u00bb][\/et_pb_image][\/et_pb_column][\/et_pb_row][\/et_pb_section][et_pb_section fb_built=\u00bb1&#8243; admin_label=\u00bbFooter\u00bb _builder_version=\u00bb4.20.0&#8243; _module_preset=\u00bbdefault\u00bb custom_padding=\u00bb0px||0px||true|false\u00bb saved_tabs=\u00bball\u00bb locked=\u00bboff\u00bb collapsed=\u00bbon\u00bb global_colors_info=\u00bb{}\u00bb][et_pb_row _builder_version=\u00bb4.20.0&#8243; _module_preset=\u00bbdefault\u00bb width=\u00bb100%\u00bb max_width=\u00bbnone\u00bb custom_padding=\u00bb0px||0px||true|false\u00bb locked=\u00bboff\u00bb global_colors_info=\u00bb{}\u00bb][et_pb_column type=\u00bb4_4&#8243; _builder_version=\u00bb4.20.0&#8243; _module_preset=\u00bbdefault\u00bb global_colors_info=\u00bb{}\u00bb][et_pb_image src=\u00bbhttp:\/\/ladespeinada.eu\/wp-content\/uploads\/2025\/06\/skyline.jpg\u00bb title_text=\u00bbskyline\u00bb force_fullwidth=\u00bbon\u00bb _builder_version=\u00bb4.27.4&#8243; _module_preset=\u00bbdefault\u00bb global_colors_info=\u00bb{}\u00bb][\/et_pb_image][\/et_pb_column][\/et_pb_row][\/et_pb_section]<\/p>","protected":false},"excerpt":{"rendered":"<p>Aviso LegalEn cumplimiento con el deber de informaci\u00f3n dispuesto en la Ley 34\/2002 de Servicios de la Sociedad de la Informaci\u00f3n y el Comercio Electr\u00f3nico (LSSI-CE), se facilitan los siguientes datos de informaci\u00f3n general de este sitio web: Titular: Cooperativa Malgranda, SCCL NIF: F01723097 Domicilio: Carrer M\u00e8ndez N\u00fa\u00f1ez, 41. 43780 Gandesa (Tarragona) Email de contacto: [&hellip;]<\/p>","protected":false},"author":1,"featured_media":0,"parent":0,"menu_order":0,"comment_status":"closed","ping_status":"closed","template":"","meta":{"_et_pb_use_builder":"on","_et_pb_old_content":"","_et_gb_content_width":"","footnotes":""},"class_list":["post-363","page","type-page","status-publish","hentry"],"yoast_head":"<!-- This site is optimized with the Yoast SEO plugin v26.9 - https:\/\/yoast.com\/product\/yoast-seo-wordpress\/ -->\n<title>aviso legal - La despeinada<\/title>\n<meta name=\"robots\" content=\"index, follow, max-snippet:-1, max-image-preview:large, max-video-preview:-1\" \/>\n<link rel=\"canonical\" href=\"https:\/\/ladespeinada.eu\/ca\/aviso-legal\/\" \/>\n<meta property=\"og:locale\" content=\"ca_ES\" \/>\n<meta property=\"og:type\" content=\"article\" \/>\n<meta property=\"og:title\" content=\"aviso legal - La despeinada\" \/>\n<meta property=\"og:description\" content=\"Aviso LegalEn cumplimiento con el deber de informaci\u00f3n dispuesto en la Ley 34\/2002 de Servicios de la Sociedad de la Informaci\u00f3n y el Comercio Electr\u00f3nico (LSSI-CE), se facilitan los siguientes datos de informaci\u00f3n general de este sitio web: Titular: Cooperativa Malgranda, SCCL NIF: F01723097 Domicilio: Carrer M\u00e8ndez N\u00fa\u00f1ez, 41. 43780 Gandesa (Tarragona) Email de contacto: [&hellip;]\" \/>\n<meta property=\"og:url\" content=\"https:\/\/ladespeinada.eu\/ca\/aviso-legal\/\" \/>\n<meta property=\"og:site_name\" content=\"La despeinada\" \/>\n<meta property=\"article:modified_time\" content=\"2026-02-09T10:41:07+00:00\" \/>\n<meta name=\"twitter:card\" content=\"summary_large_image\" \/>\n<script type=\"application\/ld+json\" class=\"yoast-schema-graph\">{\"@context\":\"https:\/\/schema.org\",\"@graph\":[{\"@type\":\"WebPage\",\"@id\":\"https:\/\/ladespeinada.eu\/aviso-legal\/\",\"url\":\"https:\/\/ladespeinada.eu\/aviso-legal\/\",\"name\":\"aviso legal - La despeinada\",\"isPartOf\":{\"@id\":\"https:\/\/ladespeinada.eu\/#website\"},\"datePublished\":\"2026-01-28T11:49:57+00:00\",\"dateModified\":\"2026-02-09T10:41:07+00:00\",\"breadcrumb\":{\"@id\":\"https:\/\/ladespeinada.eu\/aviso-legal\/#breadcrumb\"},\"inLanguage\":\"ca\",\"potentialAction\":[{\"@type\":\"ReadAction\",\"target\":[\"https:\/\/ladespeinada.eu\/aviso-legal\/\"]}]},{\"@type\":\"BreadcrumbList\",\"@id\":\"https:\/\/ladespeinada.eu\/aviso-legal\/#breadcrumb\",\"itemListElement\":[{\"@type\":\"ListItem\",\"position\":1,\"name\":\"Portada\",\"item\":\"https:\/\/ladespeinada.eu\/es\/\"},{\"@type\":\"ListItem\",\"position\":2,\"name\":\"aviso legal\"}]},{\"@type\":\"WebSite\",\"@id\":\"https:\/\/ladespeinada.eu\/#website\",\"url\":\"https:\/\/ladespeinada.eu\/\",\"name\":\"La despeinada\",\"description\":\"Vino ecologico de la Terra Alta\",\"potentialAction\":[{\"@type\":\"SearchAction\",\"target\":{\"@type\":\"EntryPoint\",\"urlTemplate\":\"https:\/\/ladespeinada.eu\/?s={search_term_string}\"},\"query-input\":{\"@type\":\"PropertyValueSpecification\",\"valueRequired\":true,\"valueName\":\"search_term_string\"}}],\"inLanguage\":\"ca\"}]}<\/script>\n<!-- \/ Yoast SEO plugin. -->","yoast_head_json":{"title":"aviso legal - La despeinada","robots":{"index":"index","follow":"follow","max-snippet":"max-snippet:-1","max-image-preview":"max-image-preview:large","max-video-preview":"max-video-preview:-1"},"canonical":"https:\/\/ladespeinada.eu\/ca\/aviso-legal\/","og_locale":"ca_ES","og_type":"article","og_title":"aviso legal - La despeinada","og_description":"Aviso LegalEn cumplimiento con el deber de informaci\u00f3n dispuesto en la Ley 34\/2002 de Servicios de la Sociedad de la Informaci\u00f3n y el Comercio Electr\u00f3nico (LSSI-CE), se facilitan los siguientes datos de informaci\u00f3n general de este sitio web: Titular: Cooperativa Malgranda, SCCL NIF: F01723097 Domicilio: Carrer M\u00e8ndez N\u00fa\u00f1ez, 41. 43780 Gandesa (Tarragona) Email de contacto: [&hellip;]","og_url":"https:\/\/ladespeinada.eu\/ca\/aviso-legal\/","og_site_name":"La despeinada","article_modified_time":"2026-02-09T10:41:07+00:00","twitter_card":"summary_large_image","schema":{"@context":"https:\/\/schema.org","@graph":[{"@type":"WebPage","@id":"https:\/\/ladespeinada.eu\/aviso-legal\/","url":"https:\/\/ladespeinada.eu\/aviso-legal\/","name":"aviso legal - La despeinada","isPartOf":{"@id":"https:\/\/ladespeinada.eu\/#website"},"datePublished":"2026-01-28T11:49:57+00:00","dateModified":"2026-02-09T10:41:07+00:00","breadcrumb":{"@id":"https:\/\/ladespeinada.eu\/aviso-legal\/#breadcrumb"},"inLanguage":"ca","potentialAction":[{"@type":"ReadAction","target":["https:\/\/ladespeinada.eu\/aviso-legal\/"]}]},{"@type":"BreadcrumbList","@id":"https:\/\/ladespeinada.eu\/aviso-legal\/#breadcrumb","itemListElement":[{"@type":"ListItem","position":1,"name":"Portada","item":"https:\/\/ladespeinada.eu\/es\/"},{"@type":"ListItem","position":2,"name":"aviso legal"}]},{"@type":"WebSite","@id":"https:\/\/ladespeinada.eu\/#website","url":"https:\/\/ladespeinada.eu\/","name":"La despeinada","description":"Vino ecologico de la Terra Alta","potentialAction":[{"@type":"SearchAction","target":{"@type":"EntryPoint","urlTemplate":"https:\/\/ladespeinada.eu\/?s={search_term_string}"},"query-input":{"@type":"PropertyValueSpecification","valueRequired":true,"valueName":"search_term_string"}}],"inLanguage":"ca"}]}},"_links":{"self":[{"href":"https:\/\/ladespeinada.eu\/ca\/wp-json\/wp\/v2\/pages\/363","targetHints":{"allow":["GET"]}}],"collection":[{"href":"https:\/\/ladespeinada.eu\/ca\/wp-json\/wp\/v2\/pages"}],"about":[{"href":"https:\/\/ladespeinada.eu\/ca\/wp-json\/wp\/v2\/types\/page"}],"author":[{"embeddable":true,"href":"https:\/\/ladespeinada.eu\/ca\/wp-json\/wp\/v2\/users\/1"}],"replies":[{"embeddable":true,"href":"https:\/\/ladespeinada.eu\/ca\/wp-json\/wp\/v2\/comments?post=363"}],"version-history":[{"count":5,"href":"https:\/\/ladespeinada.eu\/ca\/wp-json\/wp\/v2\/pages\/363\/revisions"}],"predecessor-version":[{"id":378,"href":"https:\/\/ladespeinada.eu\/ca\/wp-json\/wp\/v2\/pages\/363\/revisions\/378"}],"wp:attachment":[{"href":"https:\/\/ladespeinada.eu\/ca\/wp-json\/wp\/v2\/media?parent=363"}],"curies":[{"name":"wp","href":"https:\/\/api.w.org\/{rel}","templated":true}]}}