{"id":229,"date":"2025-10-20T10:05:47","date_gmt":"2025-10-20T10:05:47","guid":{"rendered":"https:\/\/ladespeinada.eu\/?page_id=229"},"modified":"2025-10-24T08:56:00","modified_gmt":"2025-10-24T08:56:00","slug":"nosotros","status":"publish","type":"page","link":"https:\/\/ladespeinada.eu\/es\/nosotros\/","title":{"rendered":"nosotros"},"content":{"rendered":"<p>[et_pb_section fb_built=\u00bb1&#8243; _builder_version=\u00bb4.27.4&#8243; _module_preset=\u00bbdefault\u00bb background_color=\u00bb#F4F4F4&#8243; width=\u00bb100%\u00bb max_width=\u00bb100%\u00bb height=\u00bb100%\u00bb max_height=\u00bb100vh\u00bb custom_margin=\u00bb0px|0px|0px|0px|false|false\u00bb custom_padding=\u00bb0px|0px|0px|0px|false|false\u00bb background_last_edited=\u00bbon|phone\u00bb global_module=\u00bb66&#8243; saved_tabs=\u00bball\u00bb global_colors_info=\u00bb{}\u00bb][et_pb_row column_structure=\u00bb1_2,1_2&#8243; _builder_version=\u00bb4.27.4&#8243; _module_preset=\u00bbdefault\u00bb width=\u00bb100%\u00bb max_width=\u00bb100%\u00bb module_alignment=\u00bbleft\u00bb custom_padding=\u00bb15px|15px|15px|15px|true|true\u00bb global_colors_info=\u00bb{}\u00bb][et_pb_column type=\u00bb1_2&#8243; _builder_version=\u00bb4.27.4&#8243; _module_preset=\u00bbdefault\u00bb global_colors_info=\u00bb{}\u00bb][et_pb_image src=\u00bbhttp:\/\/ladespeinada.eu\/wp-content\/uploads\/2025\/06\/LOGO-la-despeinada.png\u00bb title_text=\u00bbLOGO-la-despeinada\u00bb _builder_version=\u00bb4.27.4&#8243; _module_preset=\u00bbdefault\u00bb width=\u00bb120px\u00bb width_tablet=\u00bb\u00bb width_phone=\u00bb50%\u00bb width_last_edited=\u00bbon|phone\u00bb custom_margin=\u00bb||-2px|||\u00bb global_colors_info=\u00bb{}\u00bb][\/et_pb_image][\/et_pb_column][et_pb_column type=\u00bb1_2&#8243; _builder_version=\u00bb4.27.4&#8243; _module_preset=\u00bbdefault\u00bb global_colors_info=\u00bb{}\u00bb][et_pb_menu active_link_color=\u00bb#845151&#8243; disabled_on=\u00bbon|on|off\u00bb _builder_version=\u00bb4.27.4&#8243; _module_preset=\u00bbdefault\u00bb menu_font=\u00bb&#8211;et_global_heading_font||||||||\u00bb menu_text_color=\u00bb#191919&#8243; menu_font_size=\u00bb24px\u00bb background_color=\u00bbRGBA(255,255,255,0)\u00bb text_orientation=\u00bbright\u00bb custom_margin=\u00bb||-1px|||\u00bb global_colors_info=\u00bb{}\u00bb][\/et_pb_menu][et_pb_menu dropdown_menu_bg_color=\u00bb#F4F4F4&#8243; dropdown_menu_text_color=\u00bb#191919&#8243; dropdown_menu_active_link_color=\u00bb#845151&#8243; mobile_menu_bg_color=\u00bb#F4F4F4&#8243; mobile_menu_text_color=\u00bb#191919&#8243; menu_icon_font_size=\u00bb54px\u00bb disabled_on=\u00bboff|off|on\u00bb _builder_version=\u00bb4.27.4&#8243; _module_preset=\u00bbdefault\u00bb menu_font=\u00bb&#8211;et_global_body_font||||||||\u00bb menu_font_size=\u00bb25px\u00bb menu_line_height=\u00bb2.3em\u00bb background_color=\u00bbRGBA(255,255,255,0)\u00bb text_orientation=\u00bbright\u00bb width=\u00bb100%\u00bb max_width=\u00bb100%\u00bb custom_margin=\u00bb-54px|0px|0px|0px|false|false\u00bb custom_padding=\u00bb0px|0px|0px|0px|false|false\u00bb global_colors_info=\u00bb{}\u00bb][\/et_pb_menu][\/et_pb_column][\/et_pb_row][\/et_pb_section][et_pb_section fb_built=\u00bb1&#8243; admin_label=\u00bbHeader\u00bb _builder_version=\u00bb4.27.4&#8243; _module_preset=\u00bbdefault\u00bb background_color=\u00bbgcid-3be8d3fa-8b11-41b4-b614-e601c43d7597&#8243; background_image=\u00bbhttp:\/\/ladespeinada.eu\/wp-content\/uploads\/2025\/10\/nos1.jpg\u00bb custom_padding=\u00bb|51px||||\u00bb hover_enabled=\u00bb0&#8243; custom_css_main_element=\u00bbheight: 60vh\u00bb collapsed=\u00bbon\u00bb global_colors_info=\u00bb{%22gcid-3be8d3fa-8b11-41b4-b614-e601c43d7597%22:%91%22background_color%22%93}\u00bb title_text=\u00bbnos1&#8243; sticky_enabled=\u00bb0&#8243;][\/et_pb_section][et_pb_section fb_built=\u00bb1&#8243; admin_label=\u00bbAbout\u00bb _builder_version=\u00bb4.27.4&#8243; _module_preset=\u00bbdefault\u00bb background_color=\u00bb#F4F4F4&#8243; collapsed=\u00bbon\u00bb global_colors_info=\u00bb{}\u00bb][et_pb_row _builder_version=\u00bb4.27.4&#8243; _module_preset=\u00bbdefault\u00bb width=\u00bb90%\u00bb max_width=\u00bbnone\u00bb custom_padding=\u00bb0px||0px||false|false\u00bb global_colors_info=\u00bb{}\u00bb][et_pb_column type=\u00bb4_4&#8243; _builder_version=\u00bb4.20.0&#8243; _module_preset=\u00bbdefault\u00bb global_colors_info=\u00bb{}\u00bb][et_pb_text _builder_version=\u00bb4.27.4&#8243; _module_preset=\u00bb4861e20d-9d2a-416b-99ac-867a09c4e5d9&#8243; header_text_color=\u00bb#6B8752&#8243; header_font_size=\u00bb10vw\u00bb custom_padding=\u00bb0px||0px||false|false\u00bb header_font_size_tablet=\u00bb10vw\u00bb header_font_size_phone=\u00bb54px\u00bb header_font_size_last_edited=\u00bbon|phone\u00bb global_colors_info=\u00bb{}\u00bb]<\/p>\n<h1 style=\"text-align: left;\">Nosotros<\/h1>\n<p>[\/et_pb_text][\/et_pb_column][\/et_pb_row][et_pb_row _builder_version=\u00bb4.27.4&#8243; _module_preset=\u00bbdefault\u00bb width=\u00bb90%\u00bb max_width=\u00bb1000px\u00bb global_colors_info=\u00bb{}\u00bb][et_pb_column type=\u00bb4_4&#8243; _builder_version=\u00bb4.27.4&#8243; _module_preset=\u00bbdefault\u00bb global_colors_info=\u00bb{}\u00bb][et_pb_text _builder_version=\u00bb4.27.4&#8243; _module_preset=\u00bbadccd554-fe34-4db4-8ab3-6e49d1c53dc0&#8243; text_font=\u00bb||||||||\u00bb text_font_size=\u00bb24px\u00bb global_colors_info=\u00bb{}\u00bb]<\/p>\n<h1>Somos Alex y Petra, y <i>Finca La Despeinada<\/i> es nuestro proyecto: nuestras vi\u00f1as, nuestra bodega, y nuestra casa.<\/h1>\n<p>[\/et_pb_text][et_pb_text _builder_version=\u00bb4.27.4&#8243; _module_preset=\u00bbadccd554-fe34-4db4-8ab3-6e49d1c53dc0&#8243; text_font=\u00bb||||||||\u00bb text_font_size=\u00bb24px\u00bb text_font_size_tablet=\u00bb24px\u00bb text_font_size_phone=\u00bb20px\u00bb text_font_size_last_edited=\u00bbon|phone\u00bb global_colors_info=\u00bb{}\u00bb]<\/p>\n<p><em><strong>Alex:<\/strong> <\/em><br \/>Nac\u00ed en Toulon, Francia. Creci en Toulon, y me fui de Toulon. Hice varios trabajos y un dia haciendo la vendimia, me subi al tractor para descargar las cajas de uva en la bodega. Entre en la bodega y descubri este mundo de la transformacion de la uva en vino. Me gusto. Estudie viticultura y enologia, conoci al mundo del vino natural, gente linda y alegre, vinos libres y generosos. Eso fue en 2004. Trabaje en varias bodegas, en la vi\u00f1a como en la bodega, unas buenas y otras malas. Y me fui otra vez, a America Latina, a viajar, a enamorarme del mundo. Termine en Juayua, un pueblo de El Salvador, rodeado de cafetales, y es alli donde conoci a&#8230;<\/p>\n<p><em><strong>Petra:<\/strong> <\/em><br \/>Nac\u00ed en Austria, creci en el campo, en los Alpes, rodeada de prados y vacas, siempre con un huerto en casa. Deje la tranquilidad del campo para estudiar, sumergirme en la fotograf\u00eda y el teatro, y dedicarme a la educaci\u00f3n. Trabaje muchos a\u00f1os acompa\u00f1ando a ni\u00f1os y j\u00f3venes, incluso en una escuela bosque. Un dia fui a Mexico, y baje en coche a El Salvador, Juayua&#8230;<\/p>\n<p>[\/et_pb_text][\/et_pb_column][\/et_pb_row][\/et_pb_section][et_pb_section fb_built=\u00bb1&#8243; admin_label=\u00bbFeatures\u00bb _builder_version=\u00bb4.20.0&#8243; _module_preset=\u00bbdefault\u00bb background_color=\u00bbgcid-3be8d3fa-8b11-41b4-b614-e601c43d7597&#8243; collapsed=\u00bbon\u00bb global_colors_info=\u00bb{%22gcid-3be8d3fa-8b11-41b4-b614-e601c43d7597%22:%91%22background_color%22%93}\u00bb][et_pb_row column_structure=\u00bb1_2,1_2&#8243; use_custom_gutter=\u00bbon\u00bb gutter_width=\u00bb2&#8243; make_equal=\u00bbon\u00bb _builder_version=\u00bb4.27.4&#8243; _module_preset=\u00bbdefault\u00bb width=\u00bb90%\u00bb max_width=\u00bb1400px\u00bb custom_padding=\u00bb0px||0px||false|false\u00bb locked=\u00bboff\u00bb global_colors_info=\u00bb{}\u00bb][et_pb_column type=\u00bb1_2&#8243; _builder_version=\u00bb4.27.4&#8243; _module_preset=\u00bbdefault\u00bb background_color=\u00bb#517A84&#8243; custom_padding=\u00bb8vw|30px|8vw|30px|true|true\u00bb global_colors_info=\u00bb{}\u00bb][et_pb_text _builder_version=\u00bb4.27.4&#8243; _module_preset=\u00bbadccd554-fe34-4db4-8ab3-6e49d1c53dc0&#8243; text_font=\u00bb||||||||\u00bb text_text_color=\u00bb#F4F4F4&#8243; text_font_size=\u00bb24px\u00bb custom_padding=\u00bb0px||0px||false|false\u00bb text_font_size_phone=\u00bb20px\u00bb global_colors_info=\u00bb{}\u00bb]<\/p>\n<p>Nos conocimos, nos enamoramos y entre otras aventuras empezamos un cine ambulante en El Salvador y Colombia llevando cine a las comunidades m\u00e1s remotas.<\/p>\n<p>En 2014, volvimos a Europa y nos decidimos a buscar un trozo de tierra, con vi\u00f1as viejas y una casa por construir en Espa\u00f1a.<\/p>\n<p>Viajamos durante nueve meses, como voluntarios en proyectos de vino natural, bioconstrucci\u00f3n y agroecolog\u00eda por toda Espa\u00f1a hasta aterrizar en la Terra Alta. En julio 2016, comenzamos a cuidar nuestras vi\u00f1as, construir nosotros mismos nuestra casa, hacer nuestros primeros vinos, plantar un huerto, \u00e1rboles&#8230; y aqui seguimos<\/p>\n<p>[\/et_pb_text][\/et_pb_column][et_pb_column type=\u00bb1_2&#8243; _builder_version=\u00bb4.27.4&#8243; _module_preset=\u00bbdefault\u00bb background_image=\u00bbhttp:\/\/ladespeinada.eu\/wp-content\/uploads\/2025\/10\/despeinadanos.jpg\u00bb background_position=\u00bbtop_center\u00bb global_colors_info=\u00bb{}\u00bb][et_pb_divider show_divider=\u00bboff\u00bb _builder_version=\u00bb4.20.0&#8243; _module_preset=\u00bbdefault\u00bb height_tablet=\u00bb48vw\u00bb height_phone=\u00bb48vw\u00bb height_last_edited=\u00bbon|desktop\u00bb global_colors_info=\u00bb{}\u00bb][\/et_pb_divider][\/et_pb_column][\/et_pb_row][\/et_pb_section][et_pb_section fb_built=\u00bb1&#8243; admin_label=\u00bbFooter\u00bb _builder_version=\u00bb4.27.4&#8243; _module_preset=\u00bbdefault\u00bb background_color=\u00bb#F4F4F4&#8243; global_module=\u00bb44&#8243; saved_tabs=\u00bball\u00bb collapsed=\u00bbon\u00bb global_colors_info=\u00bb{}\u00bb][et_pb_row column_structure=\u00bb1_2,1_2&#8243; make_equal=\u00bbon\u00bb _builder_version=\u00bb4.20.0&#8243; _module_preset=\u00bbdefault\u00bb width=\u00bb90%\u00bb max_width=\u00bbnone\u00bb global_colors_info=\u00bb{}\u00bb][et_pb_column type=\u00bb1_2&#8243; _builder_version=\u00bb4.20.0&#8243; _module_preset=\u00bbdefault\u00bb global_colors_info=\u00bb{}\u00bb][et_pb_image src=\u00bbhttp:\/\/ladespeinada.eu\/wp-content\/uploads\/2025\/06\/LOGO-la-despeinada.png\u00bb title_text=\u00bbLOGO-la-despeinada\u00bb _builder_version=\u00bb4.27.4&#8243; _module_preset=\u00bbdefault\u00bb global_colors_info=\u00bb{}\u00bb][\/et_pb_image][\/et_pb_column][et_pb_column type=\u00bb1_2&#8243; _builder_version=\u00bb4.20.0&#8243; _module_preset=\u00bbdefault\u00bb global_colors_info=\u00bb{}\u00bb][et_pb_icon font_icon=\u00bb&#x22;||divi||400&#8243; url=\u00bb#\u00bb align=\u00bbleft\u00bb _builder_version=\u00bb4.20.0&#8243; _module_preset=\u00bb8c43a784-4ac4-4233-85c2-417bb5dee13b\u00bb positioning=\u00bbabsolute\u00bb position_origin_a=\u00bbbottom_left\u00bb position_origin_a_tablet=\u00bbbottom_left\u00bb position_origin_a_phone=\u00bbbottom_left\u00bb position_origin_a_last_edited=\u00bbon|tablet\u00bb position_origin_f_tablet=\u00bb\u00bb position_origin_f_phone=\u00bb\u00bb position_origin_f_last_edited=\u00bbon|tablet\u00bb position_origin_r_tablet=\u00bb\u00bb position_origin_r_phone=\u00bb\u00bb position_origin_r_last_edited=\u00bbon|tablet\u00bb custom_margin_last_edited=\u00bboff|desktop\u00bb positioning_tablet=\u00bbnone\u00bb positioning_phone=\u00bbnone\u00bb positioning_last_edited=\u00bbon|tablet\u00bb global_colors_info=\u00bb{}\u00bb custom_margin__hover_enabled=\u00bbon|hover\u00bb custom_margin__hover=\u00bb||-10px||false|false\u00bb][\/et_pb_icon][\/et_pb_column][\/et_pb_row][et_pb_row column_structure=\u00bb1_2,1_2&#8243; make_equal=\u00bbon\u00bb _builder_version=\u00bb4.20.0&#8243; _module_preset=\u00bbdefault\u00bb width=\u00bb90%\u00bb max_width=\u00bbnone\u00bb global_colors_info=\u00bb{}\u00bb][et_pb_column type=\u00bb1_2&#8243; _builder_version=\u00bb4.20.0&#8243; _module_preset=\u00bbdefault\u00bb global_colors_info=\u00bb{}\u00bb][et_pb_text _builder_version=\u00bb4.27.4&#8243; _module_preset=\u00bb4caa610f-c17f-4f68-8b00-a4e3c7ec34f2&#8243; global_colors_info=\u00bb{}\u00bb]<\/p>\n<h3><span>Carrer M\u00e8ndez N\u00fa\u00f1ez, 41. <br \/><\/span><span>Gandesa.<\/span><\/h3>\n<p>[\/et_pb_text][et_pb_text _builder_version=\u00bb4.27.4&#8243; _module_preset=\u00bb4caa610f-c17f-4f68-8b00-a4e3c7ec34f2&#8243; global_colors_info=\u00bb{}\u00bb]<\/p>\n<h3>Alex : +34 604 35 71 93<br \/>Petra : +34 604 35 34 68<\/h3>\n<p>[\/et_pb_text][\/et_pb_column][et_pb_column type=\u00bb1_2&#8243; _builder_version=\u00bb4.20.0&#8243; _module_preset=\u00bbdefault\u00bb global_colors_info=\u00bb{}\u00bb][et_pb_button button_url=\u00bb@ET-DC@eyJkeW5hbWljIjp0cnVlLCJjb250ZW50IjoicG9zdF9saW5rX3VybF9wYWdlIiwic2V0dGluZ3MiOnsicG9zdF9pZCI6Ijk0In19@\u00bb button_text=\u00bbContacta\u00bb _builder_version=\u00bb4.27.4&#8243; _dynamic_attributes=\u00bbbutton_url\u00bb _module_preset=\u00bbaeeea4cc-5312-4ffb-99ce-8caa3457264c\u00bb positioning=\u00bbabsolute\u00bb position_origin_a=\u00bbbottom_right\u00bb position_origin_a_tablet=\u00bbbottom_right\u00bb position_origin_a_phone=\u00bbbottom_right\u00bb position_origin_a_last_edited=\u00bbon|tablet\u00bb position_origin_f_tablet=\u00bb\u00bb position_origin_f_phone=\u00bb\u00bb position_origin_f_last_edited=\u00bbon|tablet\u00bb position_origin_r_tablet=\u00bb\u00bb position_origin_r_phone=\u00bb\u00bb position_origin_r_last_edited=\u00bbon|tablet\u00bb positioning_tablet=\u00bbnone\u00bb positioning_phone=\u00bbnone\u00bb positioning_last_edited=\u00bbon|tablet\u00bb global_colors_info=\u00bb{}\u00bb][\/et_pb_button][et_pb_text _builder_version=\u00bb4.27.4&#8243; _module_preset=\u00bbdefault\u00bb global_colors_info=\u00bb{}\u00bb]<\/p>\n<p style=\"text-align: right;\">NOTA LEGAL<br \/>POL\u00cdTICA DE PRIVACIDAD<\/p>\n<p>[\/et_pb_text][\/et_pb_column][\/et_pb_row][et_pb_row _builder_version=\u00bb4.27.4&#8243; _module_preset=\u00bbdefault\u00bb global_colors_info=\u00bb{}\u00bb][et_pb_column type=\u00bb4_4&#8243; _builder_version=\u00bb4.27.4&#8243; _module_preset=\u00bbdefault\u00bb global_colors_info=\u00bb{}\u00bb][et_pb_image src=\u00bbhttp:\/\/ladespeinada.eu\/wp-content\/uploads\/2025\/06\/CONBANDERA_KITDIGITAL-2-scaled-1.png\u00bb title_text=\u00bbCONBANDERA_KITDIGITAL-2-scaled\u00bb _builder_version=\u00bb4.27.4&#8243; _module_preset=\u00bbdefault\u00bb global_colors_info=\u00bb{}\u00bb][\/et_pb_image][\/et_pb_column][\/et_pb_row][\/et_pb_section][et_pb_section fb_built=\u00bb1&#8243; admin_label=\u00bbFooter\u00bb _builder_version=\u00bb4.20.0&#8243; _module_preset=\u00bbdefault\u00bb custom_padding=\u00bb0px||0px||true|false\u00bb saved_tabs=\u00bball\u00bb locked=\u00bboff\u00bb collapsed=\u00bbon\u00bb global_colors_info=\u00bb{}\u00bb][et_pb_row _builder_version=\u00bb4.20.0&#8243; _module_preset=\u00bbdefault\u00bb width=\u00bb100%\u00bb max_width=\u00bbnone\u00bb custom_padding=\u00bb0px||0px||true|false\u00bb locked=\u00bboff\u00bb global_colors_info=\u00bb{}\u00bb][et_pb_column type=\u00bb4_4&#8243; _builder_version=\u00bb4.20.0&#8243; _module_preset=\u00bbdefault\u00bb global_colors_info=\u00bb{}\u00bb][et_pb_image src=\u00bbhttp:\/\/ladespeinada.eu\/wp-content\/uploads\/2025\/06\/skyline.jpg\u00bb title_text=\u00bbskyline\u00bb force_fullwidth=\u00bbon\u00bb _builder_version=\u00bb4.27.4&#8243; _module_preset=\u00bbdefault\u00bb global_colors_info=\u00bb{}\u00bb][\/et_pb_image][\/et_pb_column][\/et_pb_row][\/et_pb_section]<\/p>\n","protected":false},"excerpt":{"rendered":"<p>NosotrosSomos Alex y Petra, y Finca La Despeinada es nuestro proyecto: nuestras vi\u00f1as, nuestra bodega, y nuestra casa.Alex: Nac\u00ed en Toulon, Francia. Creci en Toulon, y me fui de Toulon. Hice varios trabajos y un dia haciendo la vendimia, me subi al tractor para descargar las cajas de uva en la bodega. Entre en la [&hellip;]<\/p>\n","protected":false},"author":1,"featured_media":0,"parent":0,"menu_order":0,"comment_status":"closed","ping_status":"closed","template":"page-template-blank.php","meta":{"_et_pb_use_builder":"on","_et_pb_old_content":"","_et_gb_content_width":"","footnotes":""},"class_list":["post-229","page","type-page","status-publish","hentry"],"yoast_head":"<!-- This site is optimized with the Yoast SEO plugin v26.9 - https:\/\/yoast.com\/product\/yoast-seo-wordpress\/ -->\n<title>nosotros - La despeinada<\/title>\n<meta name=\"robots\" content=\"index, follow, max-snippet:-1, max-image-preview:large, max-video-preview:-1\" \/>\n<link rel=\"canonical\" href=\"https:\/\/ladespeinada.eu\/es\/nosotros\/\" \/>\n<meta property=\"og:locale\" content=\"es_ES\" \/>\n<meta property=\"og:type\" content=\"article\" \/>\n<meta property=\"og:title\" content=\"nosotros - La despeinada\" \/>\n<meta property=\"og:description\" content=\"NosotrosSomos Alex y Petra, y Finca La Despeinada es nuestro proyecto: nuestras vi\u00f1as, nuestra bodega, y nuestra casa.Alex: Nac\u00ed en Toulon, Francia. Creci en Toulon, y me fui de Toulon. Hice varios trabajos y un dia haciendo la vendimia, me subi al tractor para descargar las cajas de uva en la bodega. Entre en la [&hellip;]\" \/>\n<meta property=\"og:url\" content=\"https:\/\/ladespeinada.eu\/es\/nosotros\/\" \/>\n<meta property=\"og:site_name\" content=\"La despeinada\" \/>\n<meta property=\"article:modified_time\" content=\"2025-10-24T08:56:00+00:00\" \/>\n<meta name=\"twitter:card\" content=\"summary_large_image\" \/>\n<script type=\"application\/ld+json\" class=\"yoast-schema-graph\">{\"@context\":\"https:\/\/schema.org\",\"@graph\":[{\"@type\":\"WebPage\",\"@id\":\"https:\/\/ladespeinada.eu\/nosotros\/\",\"url\":\"https:\/\/ladespeinada.eu\/nosotros\/\",\"name\":\"nosotros - La despeinada\",\"isPartOf\":{\"@id\":\"https:\/\/ladespeinada.eu\/#website\"},\"datePublished\":\"2025-10-20T10:05:47+00:00\",\"dateModified\":\"2025-10-24T08:56:00+00:00\",\"breadcrumb\":{\"@id\":\"https:\/\/ladespeinada.eu\/nosotros\/#breadcrumb\"},\"inLanguage\":\"es\",\"potentialAction\":[{\"@type\":\"ReadAction\",\"target\":[\"https:\/\/ladespeinada.eu\/nosotros\/\"]}]},{\"@type\":\"BreadcrumbList\",\"@id\":\"https:\/\/ladespeinada.eu\/nosotros\/#breadcrumb\",\"itemListElement\":[{\"@type\":\"ListItem\",\"position\":1,\"name\":\"Portada\",\"item\":\"https:\/\/ladespeinada.eu\/es\/\"},{\"@type\":\"ListItem\",\"position\":2,\"name\":\"nosotros\"}]},{\"@type\":\"WebSite\",\"@id\":\"https:\/\/ladespeinada.eu\/#website\",\"url\":\"https:\/\/ladespeinada.eu\/\",\"name\":\"La despeinada\",\"description\":\"Vino ecologico de la Terra Alta\",\"potentialAction\":[{\"@type\":\"SearchAction\",\"target\":{\"@type\":\"EntryPoint\",\"urlTemplate\":\"https:\/\/ladespeinada.eu\/?s={search_term_string}\"},\"query-input\":{\"@type\":\"PropertyValueSpecification\",\"valueRequired\":true,\"valueName\":\"search_term_string\"}}],\"inLanguage\":\"es\"}]}<\/script>\n<!-- \/ Yoast SEO plugin. -->","yoast_head_json":{"title":"nosotros - La despeinada","robots":{"index":"index","follow":"follow","max-snippet":"max-snippet:-1","max-image-preview":"max-image-preview:large","max-video-preview":"max-video-preview:-1"},"canonical":"https:\/\/ladespeinada.eu\/es\/nosotros\/","og_locale":"es_ES","og_type":"article","og_title":"nosotros - La despeinada","og_description":"NosotrosSomos Alex y Petra, y Finca La Despeinada es nuestro proyecto: nuestras vi\u00f1as, nuestra bodega, y nuestra casa.Alex: Nac\u00ed en Toulon, Francia. Creci en Toulon, y me fui de Toulon. Hice varios trabajos y un dia haciendo la vendimia, me subi al tractor para descargar las cajas de uva en la bodega. Entre en la [&hellip;]","og_url":"https:\/\/ladespeinada.eu\/es\/nosotros\/","og_site_name":"La despeinada","article_modified_time":"2025-10-24T08:56:00+00:00","twitter_card":"summary_large_image","schema":{"@context":"https:\/\/schema.org","@graph":[{"@type":"WebPage","@id":"https:\/\/ladespeinada.eu\/nosotros\/","url":"https:\/\/ladespeinada.eu\/nosotros\/","name":"nosotros - La despeinada","isPartOf":{"@id":"https:\/\/ladespeinada.eu\/#website"},"datePublished":"2025-10-20T10:05:47+00:00","dateModified":"2025-10-24T08:56:00+00:00","breadcrumb":{"@id":"https:\/\/ladespeinada.eu\/nosotros\/#breadcrumb"},"inLanguage":"es","potentialAction":[{"@type":"ReadAction","target":["https:\/\/ladespeinada.eu\/nosotros\/"]}]},{"@type":"BreadcrumbList","@id":"https:\/\/ladespeinada.eu\/nosotros\/#breadcrumb","itemListElement":[{"@type":"ListItem","position":1,"name":"Portada","item":"https:\/\/ladespeinada.eu\/es\/"},{"@type":"ListItem","position":2,"name":"nosotros"}]},{"@type":"WebSite","@id":"https:\/\/ladespeinada.eu\/#website","url":"https:\/\/ladespeinada.eu\/","name":"La despeinada","description":"Vino ecologico de la Terra Alta","potentialAction":[{"@type":"SearchAction","target":{"@type":"EntryPoint","urlTemplate":"https:\/\/ladespeinada.eu\/?s={search_term_string}"},"query-input":{"@type":"PropertyValueSpecification","valueRequired":true,"valueName":"search_term_string"}}],"inLanguage":"es"}]}},"_links":{"self":[{"href":"https:\/\/ladespeinada.eu\/es\/wp-json\/wp\/v2\/pages\/229","targetHints":{"allow":["GET"]}}],"collection":[{"href":"https:\/\/ladespeinada.eu\/es\/wp-json\/wp\/v2\/pages"}],"about":[{"href":"https:\/\/ladespeinada.eu\/es\/wp-json\/wp\/v2\/types\/page"}],"author":[{"embeddable":true,"href":"https:\/\/ladespeinada.eu\/es\/wp-json\/wp\/v2\/users\/1"}],"replies":[{"embeddable":true,"href":"https:\/\/ladespeinada.eu\/es\/wp-json\/wp\/v2\/comments?post=229"}],"version-history":[{"count":10,"href":"https:\/\/ladespeinada.eu\/es\/wp-json\/wp\/v2\/pages\/229\/revisions"}],"predecessor-version":[{"id":291,"href":"https:\/\/ladespeinada.eu\/es\/wp-json\/wp\/v2\/pages\/229\/revisions\/291"}],"wp:attachment":[{"href":"https:\/\/ladespeinada.eu\/es\/wp-json\/wp\/v2\/media?parent=229"}],"curies":[{"name":"wp","href":"https:\/\/api.w.org\/{rel}","templated":true}]}}